{"id":153,"date":"2020-05-05T21:58:19","date_gmt":"2020-05-05T21:58:19","guid":{"rendered":"https:\/\/paha.studio\/?page_id=153"},"modified":"2023-04-18T16:23:57","modified_gmt":"2023-04-18T16:23:57","slug":"datenschutz","status":"publish","type":"page","link":"https:\/\/paha.studio\/en\/datenschutz\/","title":{"rendered":"Data protection"},"content":{"rendered":"<div data-elementor-type=\"wp-page\" data-elementor-id=\"153\" class=\"elementor elementor-153\">\n\t\t\t\t\t\t<div class=\"elementor-inner\">\n\t\t\t\t<div class=\"elementor-section-wrap\">\n\t\t\t\t\t\t\t\t\t<section class=\"elementor-section elementor-top-section elementor-element elementor-element-75692c8 elementor-section-boxed elementor-section-height-default elementor-section-height-default\" data-id=\"75692c8\" data-element_type=\"section\">\n\t\t\t\t\t\t<div class=\"elementor-container elementor-column-gap-default\">\n\t\t\t\t\t\t\t<div class=\"elementor-row\">\n\t\t\t\t\t<div class=\"elementor-column elementor-col-100 elementor-top-column elementor-element elementor-element-06dabdb\" data-id=\"06dabdb\" data-element_type=\"column\">\n\t\t\t<div class=\"elementor-column-wrap elementor-element-populated\">\n\t\t\t\t\t\t\t<div class=\"elementor-widget-wrap\">\n\t\t\t\t\t\t<div class=\"elementor-element elementor-element-ed538e4 elementor-widget elementor-widget-heading\" data-id=\"ed538e4\" data-element_type=\"widget\" data-widget_type=\"heading.default\">\n\t\t\t\t<div class=\"elementor-widget-container\">\n\t\t\t<h2 class=\"elementor-heading-title elementor-size-default\">Privacy Policy<\/h2>\t\t<\/div>\n\t\t\t\t<\/div>\n\t\t\t\t<div class=\"elementor-element elementor-element-cc0d7b7 elementor-widget elementor-widget-text-editor\" data-id=\"cc0d7b7\" data-element_type=\"widget\" data-widget_type=\"text-editor.default\">\n\t\t\t\t<div class=\"elementor-widget-container\">\n\t\t\t\t\t\t\t\t<div class=\"elementor-text-editor elementor-clearfix\">\n\t\t\t\t<p><strong>Data protection<\/strong><\/p><p><strong>Responsible for data processing is:<\/strong><\/p><p>Pahlke Haghnazari Studio GbR<br \/>Birgit Haghnazari n\u00e9e Pahlke &amp; Armin Haghnazari<br \/>Bahnhofstra\u00dfe 7a\u00a0<br \/>61476 Kronberg im Taunus<br \/>Germany<\/p><p>Tel. +49(6173)9892356<br \/>Email info@paha.studio.de<\/p><p>Beim Aufrufen unserer Website\u00a0werden durch den auf Ihrem Endger\u00e4t zum Einsatz kommenden Browser automatisch Informationen an den Server unserer Website gesendet. Diese Informationen werden tempor\u00e4r in einem sog. Logfile gespeichert. Folgende Informationen werden dabei ohne Ihr Zutun erfasst und bis zur automatisierten L\u00f6schung gespeichert:<br \/>\u2022 IP address of the requesting computer<br \/>\u2022 Date and time of access,<br \/>\u2022 Name and URL of the accessed file,<br \/>\u2022 website from which the access is made (referrer URL),<br \/>\u2022 the browser used and, if applicable, the operating system of your computer<br \/>\u2022 the name of your access provider<\/p><p>The aforementioned data are processed by us for the following purposes:<br \/>\u2022 Ensuring a smooth connection setup of the website,<br \/>\u2022 Ensuring a comfortable use of our website,<br \/>\u2022 evaluation of system security and stability as well as<br \/>\u2022 for further administrative purposes<\/p><p>Die Rechtsgrundlage f\u00fcr die Datenverarbeitung ist Art.\u00a06 Abs.\u00a01 S.\u00a01 lit.\u00a0f DSGVO. Unser berechtigtes Interesse folgt aus oben aufgelisteten Zwecken zur Datenerhebung. In keinem Fall verwenden wir die erhobenen Daten zu dem Zweck, R\u00fcckschl\u00fcsse auf Ihre Person zu ziehen.<\/p><p>We use cookies on our website. These are small files that are automatically created by your browser and stored on your end device (laptop, tablet, smartphone or similar) when you visit our site. Cookies do not cause any damage to your end device, do not contain viruses, Trojans or other malware. In the cookie, information is stored that arises in each case in connection with the specific end device used. This does not mean, however, that we gain direct knowledge of your identity. The use of cookies serves on the one hand to make the use of our offer more pleasant for you. For example, we use so-called session cookies to recognize that you have already visited individual pages of our website. These are automatically deleted after you leave our site.<br \/>Die durch Cookies verarbeiteten Daten sind f\u00fcr die genannten Zwecke zur Wahrung unserer berechtigten Interessen sowie der Dritter nach Art.\u00a06 Abs.\u00a01 S.\u00a01 lit.\u00a0f DSGVO erforderlich.<br \/>Most browsers accept cookies automatically. However, you can configure your browser so that no cookies are stored on your computer or a notice always appears before a new cookie is created.<\/p><p>We do not transmit your data obtained on the website to third parties.<br \/>Daten, welche wir von Ihnen im Rahmen eines Auftrages erhalten, \u00fcbermitteln wir\u00a0 grunds\u00e4tzlich nur an Dritte, wenn dies gesetzlich vorgesehen oder Sie eingewilligt haben. Dies sind im Rahmen eines Auftrages ausschlie\u00dflich f\u00fcr unsere T\u00e4tigkeit notwendige Beteiligte wie Beh\u00f6rden, Sachverst\u00e4ndige, ausf\u00fchrende Firmen und Gewerke oder unsere Buchhaltung. Eine Weiterleitung au\u00dferhalb der EU erfolgt nur, wenn es f\u00fcr den Auftrag im Einzelfall notwendig ist und Sie vorher eingewilligt haben.<\/p><p>We keep personal data only as long as required by law. The data is stored for 10 years after the end of our activity for you in accordance with the statutory periods. Longer retention periods may result from other regulations.<\/p><p>We offer you the possibility to contact us via the form provided on the website. The processing of your data to contact us is based on your voluntarily given consent in accordance with Art. 6 para. 1 p. 1 lit. a DSGVO.<\/p><p>Sie haben das Recht, Auskunft \u00fcber Ihre von uns verarbeiteten personenbezogenen Daten zu verlangen. Insbesondere k\u00f6nnen Sie Auskunft \u00fcber die Verarbeitungszwecke, die Kategorie der personenbezogenen Daten, die Kategorien von Empf\u00e4ngern, gegen\u00fcber denen Ihre Daten offengelegt wurden oder werden, die geplante Speicherdauer, das Bestehen eines Rechts auf Berichtigung, L\u00f6schung, Einschr\u00e4nkung der Verarbeitung oder Widerspruch, das Bestehen eines Beschwerderechts, die Herkunft ihrer Daten, sofern diese nicht bei uns erhoben wurden, verlangen. Auch k\u00f6nnen Sie die Berichtigung unrichtiger oder Vervollst\u00e4ndigung Ihrer bei uns gespeicherten personenbezogenen Daten zu verlangen. Au\u00dferdem besteht ein Recht auf L\u00f6schung Ihrer bei uns gespeicherten personenbezogenen Daten. Selbstverst\u00e4ndlich k\u00f6nnen Sie auch die Einschr\u00e4nkung der Verarbeitung Ihrer personenbezogenen Daten zu verlangen, soweit die Richtigkeit der Daten von Ihnen bestritten wird, die Verarbeitung unrechtm\u00e4\u00dfig ist, Sie aber deren L\u00f6schung ablehnen und wir die Daten nicht mehr ben\u00f6tigen, Sie jedoch diese zur Geltendmachung, Aus\u00fcbung oder Verteidigung von Rechtsanspr\u00fcchen ben\u00f6tigen oder Sie Widerspruch gegen die Verarbeitung eingelegt haben. Sie k\u00f6nnen verlangen, dass\u00a0 Ihre personenbezogenen Daten, die Sie uns bereitgestellt haben, in einem strukturierten, g\u00e4ngigen und maschinenlesbaren Format zu erhalten.<br \/>Furthermore, you can revoke your consent once given to us at any time. This has the consequence that we may no longer continue the data processing based on this consent for the future.\u00a0<\/p><p><strong>Right of objection<\/strong><\/p><p>If your personal data is processed on the basis of legitimate interests, you have the right to object to the processing of your personal data, provided that there are grounds for doing so that arise from your particular situation or if the objection is directed against direct advertising. In the latter case, you have a general right of objection, which will be implemented by us without specifying a particular situation.<br \/>M\u00f6chten Sie von Ihrem Widerrufs- oder Widerspruchsrecht Gebrauch machen, gen\u00fcgt eine E-Mail an info@paha.studio.<\/p>\t\t\t\t\t<\/div>\n\t\t\t\t\t\t<\/div>\n\t\t\t\t<\/div>\n\t\t\t\t\t\t<\/div>\n\t\t\t\t\t<\/div>\n\t\t<\/div>\n\t\t\t\t\t\t\t\t<\/div>\n\t\t\t\t\t<\/div>\n\t\t<\/section>\n\t\t\t\t\t\t\t\t\t<\/div>\n\t\t\t<\/div>\n\t\t\t\t\t<\/div>","protected":false},"excerpt":{"rendered":"<p>Datenschutzerkl\u00e4rung Datenschutz Verantwortlich f\u00fcr die Datenverarbeitung ist: Pahlke Haghnazari Studio GbRBirgit Haghnazari geb. Pahlke &amp; Armin HaghnazariBahnhofstra\u00dfe 7a\u00a061476 Kronberg im TaunusDeutschland Tel. +49(6173)9892356Email info@paha.studio.de Beim Aufrufen unserer Website\u00a0werden durch den auf Ihrem Endger\u00e4t zum Einsatz kommenden Browser automatisch Informationen an den Server unserer Website gesendet. Diese Informationen werden tempor\u00e4r in einem sog. Logfile gespeichert. Folgende [&hellip;]<\/p>","protected":false},"author":1,"featured_media":0,"parent":0,"menu_order":0,"comment_status":"closed","ping_status":"closed","template":"","meta":{"ocean_post_layout":"full-width","ocean_both_sidebars_style":"","ocean_both_sidebars_content_width":0,"ocean_both_sidebars_sidebars_width":0,"ocean_sidebar":"0","ocean_second_sidebar":"0","ocean_disable_margins":"on","ocean_add_body_class":"","ocean_shortcode_before_top_bar":"","ocean_shortcode_after_top_bar":"","ocean_shortcode_before_header":"","ocean_shortcode_after_header":"","ocean_has_shortcode":"","ocean_shortcode_after_title":"","ocean_shortcode_before_footer_widgets":"","ocean_shortcode_after_footer_widgets":"","ocean_shortcode_before_footer_bottom":"","ocean_shortcode_after_footer_bottom":"","ocean_display_top_bar":"off","ocean_display_header":"off","ocean_header_style":"","ocean_center_header_left_menu":"0","ocean_custom_header_template":"0","ocean_custom_logo":0,"ocean_custom_retina_logo":0,"ocean_custom_logo_max_width":0,"ocean_custom_logo_tablet_max_width":0,"ocean_custom_logo_mobile_max_width":0,"ocean_custom_logo_max_height":0,"ocean_custom_logo_tablet_max_height":0,"ocean_custom_logo_mobile_max_height":0,"ocean_header_custom_menu":"0","ocean_menu_typo_font_family":"0","ocean_menu_typo_font_subset":"","ocean_menu_typo_font_size":0,"ocean_menu_typo_font_size_tablet":0,"ocean_menu_typo_font_size_mobile":0,"ocean_menu_typo_font_size_unit":"px","ocean_menu_typo_font_weight":"","ocean_menu_typo_font_weight_tablet":"","ocean_menu_typo_font_weight_mobile":"","ocean_menu_typo_transform":"","ocean_menu_typo_transform_tablet":"","ocean_menu_typo_transform_mobile":"","ocean_menu_typo_line_height":0,"ocean_menu_typo_line_height_tablet":0,"ocean_menu_typo_line_height_mobile":0,"ocean_menu_typo_line_height_unit":"","ocean_menu_typo_spacing":0,"ocean_menu_typo_spacing_tablet":0,"ocean_menu_typo_spacing_mobile":0,"ocean_menu_typo_spacing_unit":"","ocean_menu_link_color":"","ocean_menu_link_color_hover":"","ocean_menu_link_color_active":"","ocean_menu_link_background":"","ocean_menu_link_hover_background":"","ocean_menu_link_active_background":"","ocean_menu_social_links_bg":"","ocean_menu_social_hover_links_bg":"","ocean_menu_social_links_color":"","ocean_menu_social_hover_links_color":"","ocean_disable_title":"on","ocean_disable_heading":"default","ocean_post_title":"","ocean_post_subheading":"","ocean_post_title_style":"","ocean_post_title_background_color":"","ocean_post_title_background":0,"ocean_post_title_bg_image_position":"","ocean_post_title_bg_image_attachment":"","ocean_post_title_bg_image_repeat":"","ocean_post_title_bg_image_size":"","ocean_post_title_height":0,"ocean_post_title_bg_overlay":0.5,"ocean_post_title_bg_overlay_color":"","ocean_disable_breadcrumbs":"default","ocean_breadcrumbs_color":"","ocean_breadcrumbs_separator_color":"","ocean_breadcrumbs_links_color":"","ocean_breadcrumbs_links_hover_color":"","ocean_display_footer_widgets":"default","ocean_display_footer_bottom":"default","ocean_custom_footer_template":"0","footnotes":""},"yoast_head":"<!-- This site is optimized with the Yoast SEO plugin v22.2 - https:\/\/yoast.com\/wordpress\/plugins\/seo\/ -->\n<title>Datenschutz - PaHa<\/title>\n<meta name=\"robots\" content=\"index, follow, max-snippet:-1, max-image-preview:large, max-video-preview:-1\" \/>\n<link rel=\"canonical\" href=\"https:\/\/paha.studio\/en\/datenschutz\/\" \/>\n<meta property=\"og:locale\" content=\"en_GB\" \/>\n<meta property=\"og:type\" content=\"article\" \/>\n<meta property=\"og:title\" content=\"Datenschutz - PaHa\" \/>\n<meta property=\"og:description\" content=\"Datenschutzerkl\u00e4rung Datenschutz Verantwortlich f\u00fcr die Datenverarbeitung ist: Pahlke Haghnazari Studio GbRBirgit Haghnazari geb. Pahlke &amp; Armin HaghnazariBahnhofstra\u00dfe 7a\u00a061476 Kronberg im TaunusDeutschland Tel. +49(6173)9892356Email info@paha.studio.de Beim Aufrufen unserer Website\u00a0werden durch den auf Ihrem Endger\u00e4t zum Einsatz kommenden Browser automatisch Informationen an den Server unserer Website gesendet. Diese Informationen werden tempor\u00e4r in einem sog. Logfile gespeichert. Folgende [&hellip;]\" \/>\n<meta property=\"og:url\" content=\"https:\/\/paha.studio\/en\/datenschutz\/\" \/>\n<meta property=\"og:site_name\" content=\"PaHa\" \/>\n<meta property=\"article:publisher\" content=\"https:\/\/www.facebook.com\/pahlkehaghnazari.studio\/\" \/>\n<meta property=\"article:modified_time\" content=\"2023-04-18T16:23:57+00:00\" \/>\n<meta name=\"twitter:card\" content=\"summary_large_image\" \/>\n<meta name=\"twitter:label1\" content=\"Estimated reading time\" \/>\n\t<meta name=\"twitter:data1\" content=\"4 minutes\" \/>\n<script type=\"application\/ld+json\" class=\"yoast-schema-graph\">{\"@context\":\"https:\/\/schema.org\",\"@graph\":[{\"@type\":\"WebPage\",\"@id\":\"https:\/\/paha.studio\/datenschutz\/\",\"url\":\"https:\/\/paha.studio\/datenschutz\/\",\"name\":\"Datenschutz - PaHa\",\"isPartOf\":{\"@id\":\"https:\/\/paha.studio\/#website\"},\"datePublished\":\"2020-05-05T21:58:19+00:00\",\"dateModified\":\"2023-04-18T16:23:57+00:00\",\"breadcrumb\":{\"@id\":\"https:\/\/paha.studio\/datenschutz\/#breadcrumb\"},\"inLanguage\":\"en-GB\",\"potentialAction\":[{\"@type\":\"ReadAction\",\"target\":[\"https:\/\/paha.studio\/datenschutz\/\"]}]},{\"@type\":\"BreadcrumbList\",\"@id\":\"https:\/\/paha.studio\/datenschutz\/#breadcrumb\",\"itemListElement\":[{\"@type\":\"ListItem\",\"position\":1,\"name\":\"Home\",\"item\":\"https:\/\/paha.studio\/\"},{\"@type\":\"ListItem\",\"position\":2,\"name\":\"Datenschutz\"}]},{\"@type\":\"WebSite\",\"@id\":\"https:\/\/paha.studio\/#website\",\"url\":\"https:\/\/paha.studio\/\",\"name\":\"PaHa\",\"description\":\"\",\"publisher\":{\"@id\":\"https:\/\/paha.studio\/#organization\"},\"potentialAction\":[{\"@type\":\"SearchAction\",\"target\":{\"@type\":\"EntryPoint\",\"urlTemplate\":\"https:\/\/paha.studio\/?s={search_term_string}\"},\"query-input\":\"required name=search_term_string\"}],\"inLanguage\":\"en-GB\"},{\"@type\":\"Organization\",\"@id\":\"https:\/\/paha.studio\/#organization\",\"name\":\"Pahlke Haghnazari Studio\",\"url\":\"https:\/\/paha.studio\/\",\"logo\":{\"@type\":\"ImageObject\",\"inLanguage\":\"en-GB\",\"@id\":\"https:\/\/paha.studio\/#\/schema\/logo\/image\/\",\"url\":\"https:\/\/paha.studio\/wp-content\/uploads\/2020\/05\/output-onlinepngtools.png\",\"contentUrl\":\"https:\/\/paha.studio\/wp-content\/uploads\/2020\/05\/output-onlinepngtools.png\",\"width\":100,\"height\":100,\"caption\":\"Pahlke Haghnazari Studio\"},\"image\":{\"@id\":\"https:\/\/paha.studio\/#\/schema\/logo\/image\/\"},\"sameAs\":[\"https:\/\/www.facebook.com\/pahlkehaghnazari.studio\/\",\"https:\/\/www.instagram.com\/pahlkehaghnazari.studio\/?hl=de\",\"https:\/\/de.linkedin.com\/in\/armin-haghnazari-b2a35341\"]}]}<\/script>\n<!-- \/ Yoast SEO plugin. -->","yoast_head_json":{"title":"Datenschutz - PaHa","robots":{"index":"index","follow":"follow","max-snippet":"max-snippet:-1","max-image-preview":"max-image-preview:large","max-video-preview":"max-video-preview:-1"},"canonical":"https:\/\/paha.studio\/en\/datenschutz\/","og_locale":"en_GB","og_type":"article","og_title":"Datenschutz - PaHa","og_description":"Datenschutzerkl\u00e4rung Datenschutz Verantwortlich f\u00fcr die Datenverarbeitung ist: Pahlke Haghnazari Studio GbRBirgit Haghnazari geb. Pahlke &amp; Armin HaghnazariBahnhofstra\u00dfe 7a\u00a061476 Kronberg im TaunusDeutschland Tel. +49(6173)9892356Email info@paha.studio.de Beim Aufrufen unserer Website\u00a0werden durch den auf Ihrem Endger\u00e4t zum Einsatz kommenden Browser automatisch Informationen an den Server unserer Website gesendet. Diese Informationen werden tempor\u00e4r in einem sog. Logfile gespeichert. Folgende [&hellip;]","og_url":"https:\/\/paha.studio\/en\/datenschutz\/","og_site_name":"PaHa","article_publisher":"https:\/\/www.facebook.com\/pahlkehaghnazari.studio\/","article_modified_time":"2023-04-18T16:23:57+00:00","twitter_card":"summary_large_image","twitter_misc":{"Estimated reading time":"4 minutes"},"schema":{"@context":"https:\/\/schema.org","@graph":[{"@type":"WebPage","@id":"https:\/\/paha.studio\/datenschutz\/","url":"https:\/\/paha.studio\/datenschutz\/","name":"Datenschutz - PaHa","isPartOf":{"@id":"https:\/\/paha.studio\/#website"},"datePublished":"2020-05-05T21:58:19+00:00","dateModified":"2023-04-18T16:23:57+00:00","breadcrumb":{"@id":"https:\/\/paha.studio\/datenschutz\/#breadcrumb"},"inLanguage":"en-GB","potentialAction":[{"@type":"ReadAction","target":["https:\/\/paha.studio\/datenschutz\/"]}]},{"@type":"BreadcrumbList","@id":"https:\/\/paha.studio\/datenschutz\/#breadcrumb","itemListElement":[{"@type":"ListItem","position":1,"name":"Home","item":"https:\/\/paha.studio\/"},{"@type":"ListItem","position":2,"name":"Datenschutz"}]},{"@type":"WebSite","@id":"https:\/\/paha.studio\/#website","url":"https:\/\/paha.studio\/","name":"PaHa","description":"","publisher":{"@id":"https:\/\/paha.studio\/#organization"},"potentialAction":[{"@type":"SearchAction","target":{"@type":"EntryPoint","urlTemplate":"https:\/\/paha.studio\/?s={search_term_string}"},"query-input":"required name=search_term_string"}],"inLanguage":"en-GB"},{"@type":"Organization","@id":"https:\/\/paha.studio\/#organization","name":"Pahlke Haghnazari Studio","url":"https:\/\/paha.studio\/","logo":{"@type":"ImageObject","inLanguage":"en-GB","@id":"https:\/\/paha.studio\/#\/schema\/logo\/image\/","url":"https:\/\/paha.studio\/wp-content\/uploads\/2020\/05\/output-onlinepngtools.png","contentUrl":"https:\/\/paha.studio\/wp-content\/uploads\/2020\/05\/output-onlinepngtools.png","width":100,"height":100,"caption":"Pahlke Haghnazari Studio"},"image":{"@id":"https:\/\/paha.studio\/#\/schema\/logo\/image\/"},"sameAs":["https:\/\/www.facebook.com\/pahlkehaghnazari.studio\/","https:\/\/www.instagram.com\/pahlkehaghnazari.studio\/?hl=de","https:\/\/de.linkedin.com\/in\/armin-haghnazari-b2a35341"]}]}},"_links":{"self":[{"href":"https:\/\/paha.studio\/en\/wp-json\/wp\/v2\/pages\/153"}],"collection":[{"href":"https:\/\/paha.studio\/en\/wp-json\/wp\/v2\/pages"}],"about":[{"href":"https:\/\/paha.studio\/en\/wp-json\/wp\/v2\/types\/page"}],"author":[{"embeddable":true,"href":"https:\/\/paha.studio\/en\/wp-json\/wp\/v2\/users\/1"}],"replies":[{"embeddable":true,"href":"https:\/\/paha.studio\/en\/wp-json\/wp\/v2\/comments?post=153"}],"version-history":[{"count":10,"href":"https:\/\/paha.studio\/en\/wp-json\/wp\/v2\/pages\/153\/revisions"}],"predecessor-version":[{"id":10589,"href":"https:\/\/paha.studio\/en\/wp-json\/wp\/v2\/pages\/153\/revisions\/10589"}],"wp:attachment":[{"href":"https:\/\/paha.studio\/en\/wp-json\/wp\/v2\/media?parent=153"}],"curies":[{"name":"wp","href":"https:\/\/api.w.org\/{rel}","templated":true}]}}